{"id":2887,"date":"2025-08-20T21:09:05","date_gmt":"2025-08-20T19:09:05","guid":{"rendered":"https:\/\/new.icor.cat\/faq\/"},"modified":"2026-01-28T12:15:20","modified_gmt":"2026-01-28T11:15:20","slug":"faq","status":"publish","type":"page","link":"https:\/\/icor.cat\/es\/faq\/","title":{"rendered":"FAQ"},"content":{"rendered":"\t\t<div data-elementor-type=\"wp-page\" data-elementor-id=\"2887\" class=\"elementor elementor-2887 elementor-707\" data-elementor-post-type=\"page\">\n\t\t\t\t<div class=\"elementor-element elementor-element-919a0d1 e-flex e-con-boxed e-con e-parent\" data-id=\"919a0d1\" data-element_type=\"container\" data-e-type=\"container\">\n\t\t\t\t\t<div class=\"e-con-inner\">\n\t\t\t\t<div class=\"elementor-element elementor-element-f78ad39 elementor-widget elementor-widget-heading\" data-id=\"f78ad39\" data-element_type=\"widget\" data-e-type=\"widget\" data-widget_type=\"heading.default\">\n\t\t\t\t\t<h2 class=\"elementor-heading-title elementor-size-default\">FAQ<\/h2>\t\t\t\t<\/div>\n\t\t\t\t<div class=\"elementor-element elementor-element-24a44fe elementor-widget elementor-widget-n-accordion\" data-id=\"24a44fe\" data-element_type=\"widget\" data-e-type=\"widget\" data-settings=\"{&quot;max_items_expended&quot;:&quot;multiple&quot;,&quot;default_state&quot;:&quot;expanded&quot;,&quot;n_accordion_animation_duration&quot;:{&quot;unit&quot;:&quot;ms&quot;,&quot;size&quot;:400,&quot;sizes&quot;:[]}}\" data-widget_type=\"nested-accordion.default\">\n\t\t\t\t\t\t\t<div class=\"e-n-accordion\" aria-label=\"Accordion. Open links with Enter or Space, close with Escape, and navigate with Arrow Keys\">\n\t\t\t\t\t\t<details id=\"e-n-accordion-item-3840\" class=\"e-n-accordion-item\" open>\n\t\t\t\t<summary class=\"e-n-accordion-item-title\" data-accordion-index=\"1\" tabindex=\"0\" aria-expanded=\"true\" aria-controls=\"e-n-accordion-item-3840\" >\n\t\t\t\t\t<span class='e-n-accordion-item-title-header'><div class=\"e-n-accordion-item-title-text\"> He llegado a la planta principal del hospital. \u00bfQu\u00e9 debo hacer?  <\/div><\/span>\n\t\t\t\t\t\t\t<span class='e-n-accordion-item-title-icon'>\n\t\t\t<span class='e-opened' ><svg aria-hidden=\"true\" class=\"e-font-icon-svg e-fas-minus\" viewBox=\"0 0 448 512\" xmlns=\"http:\/\/www.w3.org\/2000\/svg\"><path d=\"M416 208H32c-17.67 0-32 14.33-32 32v32c0 17.67 14.33 32 32 32h384c17.67 0 32-14.33 32-32v-32c0-17.67-14.33-32-32-32z\"><\/path><\/svg><\/span>\n\t\t\t<span class='e-closed'><svg aria-hidden=\"true\" class=\"e-font-icon-svg e-fas-plus\" viewBox=\"0 0 448 512\" xmlns=\"http:\/\/www.w3.org\/2000\/svg\"><path d=\"M416 208H272V64c0-17.67-14.33-32-32-32h-32c-17.67 0-32 14.33-32 32v144H32c-17.67 0-32 14.33-32 32v32c0 17.67 14.33 32 32 32h144v144c0 17.67 14.33 32 32 32h32c17.67 0 32-14.33 32-32V304h144c17.67 0 32-14.33 32-32v-32c0-17.67-14.33-32-32-32z\"><\/path><\/svg><\/span>\n\t\t<\/span>\n\n\t\t\t\t\t\t<\/summary>\n\t\t\t\t<div role=\"region\" aria-labelledby=\"e-n-accordion-item-3840\" class=\"elementor-element elementor-element-7dab0e3 e-con-full e-flex e-con e-child\" data-id=\"7dab0e3\" data-element_type=\"container\" data-e-type=\"container\">\n\t\t\t\t<div class=\"elementor-element elementor-element-ddebc50 elementor-widget elementor-widget-text-editor\" data-id=\"ddebc50\" data-element_type=\"widget\" data-e-type=\"widget\" data-widget_type=\"text-editor.default\">\n\t\t\t\t\t\t\t\t\t<p>Si tiene visita programada debe acercarse a las m\u00e1quinas ubicadas tanto en el vest\u00edbulo de la entrada principal del hospital como a los recibidores de consultas externas (planta 1).<\/p><p>Tendr\u00e1 que pasar la tarjeta sanitaria por el lector para que pueda leer el c\u00f3digo de barras y tendr\u00e1 que \u00abadmitir la visita\u00bb. En ese momento, le saltar\u00e1 en la pantalla el dispensario de la visita, el nombre del m\u00e9dico\/a o enfermero\/a que le atender\u00e1 y la sala de la consulta. <\/p>\t\t\t\t\t\t\t\t<\/div>\n\t\t\t\t<\/div>\n\t\t\t\t\t<\/details>\n\t\t\t\t\t\t<details id=\"e-n-accordion-item-3841\" class=\"e-n-accordion-item\" >\n\t\t\t\t<summary class=\"e-n-accordion-item-title\" data-accordion-index=\"2\" tabindex=\"-1\" aria-expanded=\"false\" aria-controls=\"e-n-accordion-item-3841\" >\n\t\t\t\t\t<span class='e-n-accordion-item-title-header'><div class=\"e-n-accordion-item-title-text\"> \u00bfA d\u00f3nde debo ir? <\/div><\/span>\n\t\t\t\t\t\t\t<span class='e-n-accordion-item-title-icon'>\n\t\t\t<span class='e-opened' ><svg aria-hidden=\"true\" class=\"e-font-icon-svg e-fas-minus\" viewBox=\"0 0 448 512\" xmlns=\"http:\/\/www.w3.org\/2000\/svg\"><path d=\"M416 208H32c-17.67 0-32 14.33-32 32v32c0 17.67 14.33 32 32 32h384c17.67 0 32-14.33 32-32v-32c0-17.67-14.33-32-32-32z\"><\/path><\/svg><\/span>\n\t\t\t<span class='e-closed'><svg aria-hidden=\"true\" class=\"e-font-icon-svg e-fas-plus\" viewBox=\"0 0 448 512\" xmlns=\"http:\/\/www.w3.org\/2000\/svg\"><path d=\"M416 208H272V64c0-17.67-14.33-32-32-32h-32c-17.67 0-32 14.33-32 32v144H32c-17.67 0-32 14.33-32 32v32c0 17.67 14.33 32 32 32h144v144c0 17.67 14.33 32 32 32h32c17.67 0 32-14.33 32-32V304h144c17.67 0 32-14.33 32-32v-32c0-17.67-14.33-32-32-32z\"><\/path><\/svg><\/span>\n\t\t<\/span>\n\n\t\t\t\t\t\t<\/summary>\n\t\t\t\t<div role=\"region\" aria-labelledby=\"e-n-accordion-item-3841\" class=\"elementor-element elementor-element-73b49ba e-con-full e-flex e-con e-child\" data-id=\"73b49ba\" data-element_type=\"container\" data-e-type=\"container\">\n\t\t\t\t<div class=\"elementor-element elementor-element-108fd57 elementor-widget elementor-widget-text-editor\" data-id=\"108fd57\" data-element_type=\"widget\" data-e-type=\"widget\" data-widget_type=\"text-editor.default\">\n\t\t\t\t\t\t\t\t\t<p align=\"justify\"><span lang=\"ca-ES\">Una vez pasada la tarjeta, deber\u00e1 esperar su turno en la sala de espera y el m\u00e9dico\/a o enfermero\/a le citar\u00e1 para la visita.<\/span><\/p>\t\t\t\t\t\t\t\t<\/div>\n\t\t\t\t<\/div>\n\t\t\t\t\t<\/details>\n\t\t\t\t\t\t<details id=\"e-n-accordion-item-3842\" class=\"e-n-accordion-item\" >\n\t\t\t\t<summary class=\"e-n-accordion-item-title\" data-accordion-index=\"3\" tabindex=\"-1\" aria-expanded=\"false\" aria-controls=\"e-n-accordion-item-3842\" >\n\t\t\t\t\t<span class='e-n-accordion-item-title-header'><div class=\"e-n-accordion-item-title-text\"> \u00bfC\u00f3mo llegar\u00e1 la hora de la pr\u00f3xima visita? <\/div><\/span>\n\t\t\t\t\t\t\t<span class='e-n-accordion-item-title-icon'>\n\t\t\t<span class='e-opened' ><svg aria-hidden=\"true\" class=\"e-font-icon-svg e-fas-minus\" viewBox=\"0 0 448 512\" xmlns=\"http:\/\/www.w3.org\/2000\/svg\"><path d=\"M416 208H32c-17.67 0-32 14.33-32 32v32c0 17.67 14.33 32 32 32h384c17.67 0 32-14.33 32-32v-32c0-17.67-14.33-32-32-32z\"><\/path><\/svg><\/span>\n\t\t\t<span class='e-closed'><svg aria-hidden=\"true\" class=\"e-font-icon-svg e-fas-plus\" viewBox=\"0 0 448 512\" xmlns=\"http:\/\/www.w3.org\/2000\/svg\"><path d=\"M416 208H272V64c0-17.67-14.33-32-32-32h-32c-17.67 0-32 14.33-32 32v144H32c-17.67 0-32 14.33-32 32v32c0 17.67 14.33 32 32 32h144v144c0 17.67 14.33 32 32 32h32c17.67 0 32-14.33 32-32V304h144c17.67 0 32-14.33 32-32v-32c0-17.67-14.33-32-32-32z\"><\/path><\/svg><\/span>\n\t\t<\/span>\n\n\t\t\t\t\t\t<\/summary>\n\t\t\t\t<div role=\"region\" aria-labelledby=\"e-n-accordion-item-3842\" class=\"elementor-element elementor-element-d864497 e-con-full e-flex e-con e-child\" data-id=\"d864497\" data-element_type=\"container\" data-e-type=\"container\">\n\t\t\t\t<div class=\"elementor-element elementor-element-0e60498 elementor-widget elementor-widget-text-editor\" data-id=\"0e60498\" data-element_type=\"widget\" data-e-type=\"widget\" data-widget_type=\"text-editor.default\">\n\t\t\t\t\t\t\t\t\t<p align=\"justify\"><span lang=\"ca-ES\">La pr\u00f3xima visita ser\u00e1 comunicada mediante un mensaje SMS al tel\u00e9fono m\u00f3vil registrado o mediante una carta que le llegar\u00e1 al buz\u00f3n del domicilio postal.<\/span><\/p>\t\t\t\t\t\t\t\t<\/div>\n\t\t\t\t<\/div>\n\t\t\t\t\t<\/details>\n\t\t\t\t\t\t<details id=\"e-n-accordion-item-3843\" class=\"e-n-accordion-item\" >\n\t\t\t\t<summary class=\"e-n-accordion-item-title\" data-accordion-index=\"4\" tabindex=\"-1\" aria-expanded=\"false\" aria-controls=\"e-n-accordion-item-3843\" >\n\t\t\t\t\t<span class='e-n-accordion-item-title-header'><div class=\"e-n-accordion-item-title-text\"> \u00bfD\u00f3nde puedo dirigirme si tengo dudas? <\/div><\/span>\n\t\t\t\t\t\t\t<span class='e-n-accordion-item-title-icon'>\n\t\t\t<span class='e-opened' ><svg aria-hidden=\"true\" class=\"e-font-icon-svg e-fas-minus\" viewBox=\"0 0 448 512\" xmlns=\"http:\/\/www.w3.org\/2000\/svg\"><path d=\"M416 208H32c-17.67 0-32 14.33-32 32v32c0 17.67 14.33 32 32 32h384c17.67 0 32-14.33 32-32v-32c0-17.67-14.33-32-32-32z\"><\/path><\/svg><\/span>\n\t\t\t<span class='e-closed'><svg aria-hidden=\"true\" class=\"e-font-icon-svg e-fas-plus\" viewBox=\"0 0 448 512\" xmlns=\"http:\/\/www.w3.org\/2000\/svg\"><path d=\"M416 208H272V64c0-17.67-14.33-32-32-32h-32c-17.67 0-32 14.33-32 32v144H32c-17.67 0-32 14.33-32 32v32c0 17.67 14.33 32 32 32h144v144c0 17.67 14.33 32 32 32h32c17.67 0 32-14.33 32-32V304h144c17.67 0 32-14.33 32-32v-32c0-17.67-14.33-32-32-32z\"><\/path><\/svg><\/span>\n\t\t<\/span>\n\n\t\t\t\t\t\t<\/summary>\n\t\t\t\t<div role=\"region\" aria-labelledby=\"e-n-accordion-item-3843\" class=\"elementor-element elementor-element-0b085bb e-flex e-con-boxed e-con e-child\" data-id=\"0b085bb\" data-element_type=\"container\" data-e-type=\"container\">\n\t\t\t\t\t<div class=\"e-con-inner\">\n\t\t\t\t<div class=\"elementor-element elementor-element-04793a0 elementor-widget elementor-widget-text-editor\" data-id=\"04793a0\" data-element_type=\"widget\" data-e-type=\"widget\" data-widget_type=\"text-editor.default\">\n\t\t\t\t\t\t\t\t\t<p align=\"justify\"><span lang=\"ca-ES\">Si desconoce alg\u00fan detalle sobre alg\u00fan tr\u00e1mite en concreto o tiene alguna duda, puede contactar con el servicio de atenci\u00f3n al paciente y\/o usuario dirigi\u00e9ndose al mostrador de informaci\u00f3n de las diferentes Unidades de los Servicios de Cardiolog\u00eda y Cirug\u00eda Card\u00edaca:<\/span><\/p><ul><li><p align=\"justify\"><span lang=\"ca-ES\">1\u00aa planta: Unidad de Insuficiencia Card\u00edaca (UIC), Cirug\u00eda Card\u00edaca, Consultas Externas, Pruebas Complementarias, Unidad de Imagen Cardiovascular<\/span><\/p><\/li><li><p align=\"justify\"><span lang=\"ca-ES\">2\u00aa planta: Unidad de Cardiolog\u00eda Intervencionista y Hemodin\u00e1mica, Unidad de Electrofisiolog\u00eda y Arritmias y Unidad de Curas Agudas Cardiol\u00f3gicas (UCO y UPAC)<\/span><\/p><\/li><li><p align=\"justify\"><span lang=\"ca-ES\">11\u00aa planta: Hospitalizaci\u00f3n<\/span><\/p><\/li><\/ul>\t\t\t\t\t\t\t\t<\/div>\n\t\t\t\t\t<\/div>\n\t\t\t\t<\/div>\n\t\t\t\t\t<\/details>\n\t\t\t\t\t\t<details id=\"e-n-accordion-item-3844\" class=\"e-n-accordion-item\" >\n\t\t\t\t<summary class=\"e-n-accordion-item-title\" data-accordion-index=\"5\" tabindex=\"-1\" aria-expanded=\"false\" aria-controls=\"e-n-accordion-item-3844\" >\n\t\t\t\t\t<span class='e-n-accordion-item-title-header'><div class=\"e-n-accordion-item-title-text\"> Horario de visita <\/div><\/span>\n\t\t\t\t\t\t\t<span class='e-n-accordion-item-title-icon'>\n\t\t\t<span class='e-opened' ><svg aria-hidden=\"true\" class=\"e-font-icon-svg e-fas-minus\" viewBox=\"0 0 448 512\" xmlns=\"http:\/\/www.w3.org\/2000\/svg\"><path d=\"M416 208H32c-17.67 0-32 14.33-32 32v32c0 17.67 14.33 32 32 32h384c17.67 0 32-14.33 32-32v-32c0-17.67-14.33-32-32-32z\"><\/path><\/svg><\/span>\n\t\t\t<span class='e-closed'><svg aria-hidden=\"true\" class=\"e-font-icon-svg e-fas-plus\" viewBox=\"0 0 448 512\" xmlns=\"http:\/\/www.w3.org\/2000\/svg\"><path d=\"M416 208H272V64c0-17.67-14.33-32-32-32h-32c-17.67 0-32 14.33-32 32v144H32c-17.67 0-32 14.33-32 32v32c0 17.67 14.33 32 32 32h144v144c0 17.67 14.33 32 32 32h32c17.67 0 32-14.33 32-32V304h144c17.67 0 32-14.33 32-32v-32c0-17.67-14.33-32-32-32z\"><\/path><\/svg><\/span>\n\t\t<\/span>\n\n\t\t\t\t\t\t<\/summary>\n\t\t\t\t<div role=\"region\" aria-labelledby=\"e-n-accordion-item-3844\" class=\"elementor-element elementor-element-aa84935 e-flex e-con-boxed e-con e-child\" data-id=\"aa84935\" data-element_type=\"container\" data-e-type=\"container\">\n\t\t\t\t\t<div class=\"e-con-inner\">\n\t\t\t\t<div class=\"elementor-element elementor-element-dc48a69 elementor-widget elementor-widget-text-editor\" data-id=\"dc48a69\" data-element_type=\"widget\" data-e-type=\"widget\" data-widget_type=\"text-editor.default\">\n\t\t\t\t\t\t\t\t\t<p align=\"justify\"><span lang=\"ca-ES\"><u><b>UCI Cirug\u00eda Card\u00edaca (2a planta).<\/b><\/u><\/span> <span lang=\"ca-ES\">Visitas de lunes a domingo:<\/span> <span lang=\"ca-ES\">8.30h-9.30h y 15.30h -16.30h (visita de 2 familiares, alternos).<\/span><\/p><p align=\"justify\"><span lang=\"ca-ES\"><u><b>Unidad de Post-cr\u00edticos Agudos del Coraz\u00f3n (2\u00aa planta).<\/b><\/u><\/span> <span lang=\"ca-ES\">Visitas de lunes a domingo:<\/span> <span lang=\"ca-ES\">13:00h-15:00h y 18:00h -20:00h (visita de 2 familiares por paciente).<\/span><\/p><p align=\"justify\"><span lang=\"ca-ES\"><u><b>Unidad de Cr\u00edticos del Coraz\u00f3n (2a planta).<\/b><\/u><\/span> <span lang=\"ca-ES\">Visitas de lunes a domingo:<\/span> <span lang=\"ca-ES\">13:00h-14:00h y 18:00h-20:00h (visita de 2 familiares por paciente).<\/span><\/p><p align=\"justify\"><span lang=\"ca-ES\"><u><b>Hospitalizaci\u00f3n (11\u00aa planta)<\/b><\/u><\/span> <span lang=\"ca-ES\">: Visitas de lunes a domingo: 13:00h-21:00h (visita de 1 familiar por paciente dentro de la habitaci\u00f3n, se puede alternar con otros familiares en la sala de espera de la planta).<\/span><\/p><p align=\"justify\"><span lang=\"ca-ES\"><b>EXCEPCIONES:<\/b><\/span><\/p><p align=\"justify\"><span lang=\"ca-ES\">&#8211; Pacientes ingresados \u200b\u200bcon intervenci\u00f3n programada: el acompa\u00f1ante puede venir 1h antes de la intervenci\u00f3n quir\u00fargica (a las 7h para la cirug\u00eda card\u00edaca de la ma\u00f1ana).<\/span><\/p><p align=\"justify\"><span lang=\"ca-ES\">&#8211; Permisos especiales concedidos por el supervisor\/a del servicio o supervisor de guardia: necesidad de tercera persona, gravedad cl\u00ednica o final de vida (estos \u00faltimos tambi\u00e9n puede concederles el m\u00e9dico responsable o de guardia)<\/span><\/p><p align=\"justify\"><span lang=\"ca-ES\">El horario de<\/span> <span lang=\"ca-ES\"><b>informaci\u00f3n a los familiares\/acompa\u00f1antes<\/b><\/span> <span lang=\"ca-ES\">que deseen recibir informaci\u00f3n del proceso m\u00e9dico de los pacientes ingresados \u200b\u200bse realizar\u00e1 de forma presencial los<\/span> <span style=\"color: #0070c0;\"><span lang=\"ca-ES\"><b>LUNES, MI\u00c9RCOLES Y VIERNES<\/b><\/span><\/span><span lang=\"ca-ES\">:<\/span><\/p><ul><li><p align=\"justify\">Dr. Manel Maymi: de <span style=\"color: #0070c0;\"><b>12:30h a 13h<\/b><\/span> .<\/p><\/li><li><p align=\"justify\">Dr. \u00c1ngel Caballero: de <span style=\"color: #0070c0;\"><b>13h a 13:30h<\/b><\/span> .<\/p><\/li><li><p align=\"justify\">Dra. Meritxell Soler: de <span style=\"color: #0070c0;\"><b>13:30 ha 14 h<\/b><\/span> . <\/p><\/li><li><p align=\"justify\"><span lang=\"ca-ES\">Dr. Abel Torrelles: de<\/span> <span style=\"color: #0070c0;\"><span lang=\"ca-ES\"><b>14h a 14:30h<\/b><\/span><\/span> <span lang=\"ca-ES\">.<\/span> <\/p><\/li><\/ul><p align=\"justify\"><span lang=\"ca-ES\">En caso de restricciones de visitas por motivos derivados por un brote de la pandemia por COVID, etc, el \u00e1rea de Cardiolog\u00eda seguir\u00e1 la recomendaci\u00f3n de la Direcci\u00f3n del Hospital y, por tanto, los horarios como la presencialidad pueden verse afectados. En caso de no poder realizar la informaci\u00f3n de forma presencial \u00e9sta se realizar\u00e1 telef\u00f3nicamente. <\/span><\/p><p align=\"justify\"><span lang=\"ca-ES\">Las altas se dar\u00e1n antes de las 12h de la ma\u00f1ana. En determinados casos tambi\u00e9n pueden darse a partir de esa hora cuando el equipo m\u00e9dico lo considere as\u00ed. <\/span><\/p>\t\t\t\t\t\t\t\t<\/div>\n\t\t\t\t\t<\/div>\n\t\t\t\t<\/div>\n\t\t\t\t\t<\/details>\n\t\t\t\t\t<\/div>\n\t\t\t\t\t\t<\/div>\n\t\t\t\t\t<\/div>\n\t\t\t\t<\/div>\n\t\t\t\t<\/div>\n\t\t","protected":false},"excerpt":{"rendered":"<p>He llegado a la planta principal del hospital. \u00bfQu\u00e9 debo hacer? Si tiene visita programada debe acercarse a las m\u00e1quinas ubicadas tanto en el vest\u00edbulo de la entrada principal del hospital como a los recibidores de consultas externas (planta 1). Tendr\u00e1 que pasar la tarjeta sanitaria por el lector para que pueda leer el c\u00f3digo [&hellip;]<\/p>\n","protected":false},"author":2,"featured_media":0,"parent":0,"menu_order":0,"comment_status":"closed","ping_status":"closed","template":"","meta":{"_acf_changed":false,"footnotes":""},"class_list":["post-2887","page","type-page","status-publish","hentry"],"acf":[],"yoast_head":"<!-- This site is optimized with the Yoast SEO plugin v27.1.1 - https:\/\/yoast.com\/product\/yoast-seo-wordpress\/ -->\n<title>FAQs - Preguntas Frecuentes - iCor<\/title>\n<meta name=\"description\" content=\"Preguntas Frecuentes - FAQs del iCor - Instituto del Coro del Hospital Germans Trias - Badalona, \u200b\u200bBarcelona, \u200b\u200bCatalu\u00f1a\" \/>\n<meta name=\"robots\" content=\"index, follow, max-snippet:-1, max-image-preview:large, max-video-preview:-1\" \/>\n<link rel=\"canonical\" href=\"https:\/\/icor.cat\/es\/faq\/\" \/>\n<meta property=\"og:locale\" content=\"es_ES\" \/>\n<meta property=\"og:type\" content=\"article\" \/>\n<meta property=\"og:title\" content=\"FAQs - Preguntas Frecuentes - iCor\" \/>\n<meta property=\"og:description\" content=\"Preguntas Frecuentes - FAQs del iCor - Instituto del Coro del Hospital Germans Trias - Badalona, \u200b\u200bBarcelona, \u200b\u200bCatalu\u00f1a\" \/>\n<meta property=\"og:url\" content=\"https:\/\/icor.cat\/es\/faq\/\" \/>\n<meta property=\"og:site_name\" content=\"iCor Team\" \/>\n<meta property=\"article:modified_time\" content=\"2026-01-28T11:15:20+00:00\" \/>\n<meta name=\"twitter:card\" content=\"summary_large_image\" \/>\n<meta name=\"twitter:site\" content=\"@icorgtrias\" \/>\n<meta name=\"twitter:label1\" content=\"Tiempo de lectura\" \/>\n\t<meta name=\"twitter:data1\" content=\"6 minutos\" \/>\n<script type=\"application\/ld+json\" class=\"yoast-schema-graph\">{\"@context\":\"https:\/\/schema.org\",\"@graph\":[{\"@type\":\"WebPage\",\"@id\":\"https:\/\/icor.cat\/es\/faq\/\",\"url\":\"https:\/\/icor.cat\/es\/faq\/\",\"name\":\"FAQs - Preguntas Frecuentes - iCor\",\"isPartOf\":{\"@id\":\"https:\/\/icor.cat\/es\/#website\"},\"datePublished\":\"2025-08-20T19:09:05+00:00\",\"dateModified\":\"2026-01-28T11:15:20+00:00\",\"description\":\"Preguntas Frecuentes - FAQs del iCor - Instituto del Coro del Hospital Germans Trias - Badalona, \u200b\u200bBarcelona, \u200b\u200bCatalu\u00f1a\",\"breadcrumb\":{\"@id\":\"https:\/\/icor.cat\/es\/faq\/#breadcrumb\"},\"inLanguage\":\"es\",\"potentialAction\":[{\"@type\":\"ReadAction\",\"target\":[\"https:\/\/icor.cat\/es\/faq\/\"]}]},{\"@type\":\"BreadcrumbList\",\"@id\":\"https:\/\/icor.cat\/es\/faq\/#breadcrumb\",\"itemListElement\":[{\"@type\":\"ListItem\",\"position\":1,\"name\":\"Portada\",\"item\":\"https:\/\/icor.cat\/es\/\"},{\"@type\":\"ListItem\",\"position\":2,\"name\":\"FAQ\"}]},{\"@type\":\"WebSite\",\"@id\":\"https:\/\/icor.cat\/es\/#website\",\"url\":\"https:\/\/icor.cat\/es\/\",\"name\":\"iCor Team\",\"description\":\"Unint ci\u00e8ncia i cura per al teu cor.\",\"publisher\":{\"@id\":\"https:\/\/icor.cat\/es\/#organization\"},\"potentialAction\":[{\"@type\":\"SearchAction\",\"target\":{\"@type\":\"EntryPoint\",\"urlTemplate\":\"https:\/\/icor.cat\/es\/?s={search_term_string}\"},\"query-input\":{\"@type\":\"PropertyValueSpecification\",\"valueRequired\":true,\"valueName\":\"search_term_string\"}}],\"inLanguage\":\"es\"},{\"@type\":\"Organization\",\"@id\":\"https:\/\/icor.cat\/es\/#organization\",\"name\":\"iCor Team\",\"url\":\"https:\/\/icor.cat\/es\/\",\"logo\":{\"@type\":\"ImageObject\",\"inLanguage\":\"es\",\"@id\":\"https:\/\/icor.cat\/es\/#\/schema\/logo\/image\/\",\"url\":\"https:\/\/icor.cat\/wp-content\/uploads\/2026\/02\/cropped-Logo-iCor-web.jpg\",\"contentUrl\":\"https:\/\/icor.cat\/wp-content\/uploads\/2026\/02\/cropped-Logo-iCor-web.jpg\",\"width\":639,\"height\":182,\"caption\":\"iCor Team\"},\"image\":{\"@id\":\"https:\/\/icor.cat\/es\/#\/schema\/logo\/image\/\"},\"sameAs\":[\"https:\/\/x.com\/icorgtrias\",\"https:\/\/www.instagram.com\/icor_germanstrias\/\",\"https:\/\/es.linkedin.com\/company\/icor-germans-trias\"]}]}<\/script>\n<!-- \/ Yoast SEO plugin. -->","yoast_head_json":{"title":"FAQs - Preguntas Frecuentes - iCor","description":"Preguntas Frecuentes - FAQs del iCor - Instituto del Coro del Hospital Germans Trias - Badalona, \u200b\u200bBarcelona, \u200b\u200bCatalu\u00f1a","robots":{"index":"index","follow":"follow","max-snippet":"max-snippet:-1","max-image-preview":"max-image-preview:large","max-video-preview":"max-video-preview:-1"},"canonical":"https:\/\/icor.cat\/es\/faq\/","og_locale":"es_ES","og_type":"article","og_title":"FAQs - Preguntas Frecuentes - iCor","og_description":"Preguntas Frecuentes - FAQs del iCor - Instituto del Coro del Hospital Germans Trias - Badalona, \u200b\u200bBarcelona, \u200b\u200bCatalu\u00f1a","og_url":"https:\/\/icor.cat\/es\/faq\/","og_site_name":"iCor Team","article_modified_time":"2026-01-28T11:15:20+00:00","twitter_card":"summary_large_image","twitter_site":"@icorgtrias","twitter_misc":{"Tiempo de lectura":"6 minutos"},"schema":{"@context":"https:\/\/schema.org","@graph":[{"@type":"WebPage","@id":"https:\/\/icor.cat\/es\/faq\/","url":"https:\/\/icor.cat\/es\/faq\/","name":"FAQs - Preguntas Frecuentes - iCor","isPartOf":{"@id":"https:\/\/icor.cat\/es\/#website"},"datePublished":"2025-08-20T19:09:05+00:00","dateModified":"2026-01-28T11:15:20+00:00","description":"Preguntas Frecuentes - FAQs del iCor - Instituto del Coro del Hospital Germans Trias - Badalona, \u200b\u200bBarcelona, \u200b\u200bCatalu\u00f1a","breadcrumb":{"@id":"https:\/\/icor.cat\/es\/faq\/#breadcrumb"},"inLanguage":"es","potentialAction":[{"@type":"ReadAction","target":["https:\/\/icor.cat\/es\/faq\/"]}]},{"@type":"BreadcrumbList","@id":"https:\/\/icor.cat\/es\/faq\/#breadcrumb","itemListElement":[{"@type":"ListItem","position":1,"name":"Portada","item":"https:\/\/icor.cat\/es\/"},{"@type":"ListItem","position":2,"name":"FAQ"}]},{"@type":"WebSite","@id":"https:\/\/icor.cat\/es\/#website","url":"https:\/\/icor.cat\/es\/","name":"iCor Team","description":"Unint ci\u00e8ncia i cura per al teu cor.","publisher":{"@id":"https:\/\/icor.cat\/es\/#organization"},"potentialAction":[{"@type":"SearchAction","target":{"@type":"EntryPoint","urlTemplate":"https:\/\/icor.cat\/es\/?s={search_term_string}"},"query-input":{"@type":"PropertyValueSpecification","valueRequired":true,"valueName":"search_term_string"}}],"inLanguage":"es"},{"@type":"Organization","@id":"https:\/\/icor.cat\/es\/#organization","name":"iCor Team","url":"https:\/\/icor.cat\/es\/","logo":{"@type":"ImageObject","inLanguage":"es","@id":"https:\/\/icor.cat\/es\/#\/schema\/logo\/image\/","url":"https:\/\/icor.cat\/wp-content\/uploads\/2026\/02\/cropped-Logo-iCor-web.jpg","contentUrl":"https:\/\/icor.cat\/wp-content\/uploads\/2026\/02\/cropped-Logo-iCor-web.jpg","width":639,"height":182,"caption":"iCor Team"},"image":{"@id":"https:\/\/icor.cat\/es\/#\/schema\/logo\/image\/"},"sameAs":["https:\/\/x.com\/icorgtrias","https:\/\/www.instagram.com\/icor_germanstrias\/","https:\/\/es.linkedin.com\/company\/icor-germans-trias"]}]}},"_links":{"self":[{"href":"https:\/\/icor.cat\/es\/wp-json\/wp\/v2\/pages\/2887","targetHints":{"allow":["GET"]}}],"collection":[{"href":"https:\/\/icor.cat\/es\/wp-json\/wp\/v2\/pages"}],"about":[{"href":"https:\/\/icor.cat\/es\/wp-json\/wp\/v2\/types\/page"}],"author":[{"embeddable":true,"href":"https:\/\/icor.cat\/es\/wp-json\/wp\/v2\/users\/2"}],"replies":[{"embeddable":true,"href":"https:\/\/icor.cat\/es\/wp-json\/wp\/v2\/comments?post=2887"}],"version-history":[{"count":9,"href":"https:\/\/icor.cat\/es\/wp-json\/wp\/v2\/pages\/2887\/revisions"}],"predecessor-version":[{"id":5170,"href":"https:\/\/icor.cat\/es\/wp-json\/wp\/v2\/pages\/2887\/revisions\/5170"}],"wp:attachment":[{"href":"https:\/\/icor.cat\/es\/wp-json\/wp\/v2\/media?parent=2887"}],"curies":[{"name":"wp","href":"https:\/\/api.w.org\/{rel}","templated":true}]}}