{"id":2967,"date":"2025-07-26T12:03:53","date_gmt":"2025-07-26T10:03:53","guid":{"rendered":"https:\/\/new.icor.cat\/aviso-legal\/"},"modified":"2026-02-17T16:30:23","modified_gmt":"2026-02-17T15:30:23","slug":"aviso-legal","status":"publish","type":"page","link":"https:\/\/icor.cat\/es\/aviso-legal\/","title":{"rendered":"Aviso legal"},"content":{"rendered":"\t\t<div data-elementor-type=\"wp-page\" data-elementor-id=\"2967\" class=\"elementor elementor-2967 elementor-52\" data-elementor-post-type=\"page\">\n\t\t\t\t<div class=\"elementor-element elementor-element-3162edb9 e-flex e-con-boxed e-con e-parent\" data-id=\"3162edb9\" data-element_type=\"container\" data-e-type=\"container\">\n\t\t\t\t\t<div class=\"e-con-inner\">\n\t\t\t\t<div class=\"elementor-element elementor-element-de15bac elementor-widget elementor-widget-text-editor\" data-id=\"de15bac\" data-element_type=\"widget\" data-e-type=\"widget\" data-widget_type=\"text-editor.default\">\n\t\t\t\t\t\t\t\t\t<h3>1. IDENTIFICACI\u00d3N DEL TITULAR DEL DOMINIO<\/h3><p>En cumplimiento del deber de informaci\u00f3n recogido en el art\u00edculo 10 de la Ley 34\/2002, de 11 de julio, de Servicios de la Sociedad de la Informaci\u00f3n y del Comercio Electr\u00f3nico, a continuaci\u00f3n se publican los siguientes datos.<\/p><p>El titular de la website icor.cat (El Instituto del Coraz\u00f3n dels Germans Trias) es: FLS DE LUCHA CONTRA EL SIDA, LAS ENFERMEDADES INFECCIOSAS Y LA PROMOCI\u00d3N DE LA SALUD Y LA CIENCIA (\u201cFundaci\u00f3n FLI\u201d) con domicilio en Badalona (08916 ), Ctra. de Canyet s\/n \u2013 Hosp. Univ. Germans Trias i Pujol, 2\u00aa planta Maternal, con n\u00famero de CIF: G60182821 Inscrito en el Registro de Fundaciones de la Generalitat con el n\u00famero 667.<\/p><p>\u2022 Tel\u00e9fono de contacto: 934.978.915<\/p><p>Los profesionales que trabajan en el Instituto del Coraz\u00f3n de Germans Trias est\u00e1n colegiados en el Colegio de M\u00e9dicos de Barcelona y en el Colegio de Enfermereras y Enfermeros de Barcelona que se rige por su propio c\u00f3digo deontol\u00f3gico que se puede consultar en el siguiente enlace:<\/p><p><a href=\"https:\/\/www.comb.cat\/cat\/colegi\/docs\/codi_deontologic.pdf\">https:\/\/www.comb.cat\/cat\/colegi\/docs\/codi_deontologic.pdf<\/a><br \/><a href=\"https:\/\/pbcoib.blob.core.windows.net\/coib-publish\/invar\/1445cc06-a01f-4d80-8e83-e334815a5767\">https:\/\/pbcoib.blob.core.windows.net\/coib-publish\/invar\/1445cc06-a01f-4d80-8e83-e334815a5767<\/a><\/p><h3>2. CONDICIONES DE USO DE LA WEB<\/h3><p>Se entender\u00e1 como usuario a la persona que accede y utilice esta p\u00e1gina web. El usuario por el mero hecho de serlo acepta estas condiciones de uso.<br \/>El usuario asume la responsabilidad del uso que pueda realizar de esta web. Esta responsabilidad se extiende al registro necesario para acceder a determinados servicios o contenidos. El usuario ser\u00e1 responsable de aportar informaci\u00f3n veraz y l\u00edcita en el proceso de registro.<\/p><p>El USUARIO se compromete a hacer un uso adecuado de los contenidos y servicios que la Fundaci\u00f3n FLIS ofrece a trav\u00e9s de la p\u00e1gina web icor.com (El Instituto del Coraz\u00f3n del Germans Trias) y con car\u00e1cter enunciativo pero no limitativo, a no utilizarlos para:<\/p><ul><li>Provocar da\u00f1os en los sistemas f\u00edsicos y l\u00f3gicos del Instituto del Coraz\u00f3n del Germans Trias, de sus proveedores o de terceras personas, introducir o difundir en la red virus inform\u00e1ticos o cualesquiera otros sistemas f\u00edsicos o l\u00f3gicos que sean susceptibles de provocar los da\u00f1os anteriormente mencionados.<\/li><li>Intentar acceder y, en su caso, utilizar las cuentas de correo electr\u00f3nico de otros usuarios y modificar o manipular sus mensajes. Queda prohibida la publicaci\u00f3n en nuestros sitios web de contenidos que atenten contra los principios enumerados a continuaci\u00f3n, reserv\u00e1ndose el titular del dominio el ejercicio de cuantas acciones sean procedentes en derecho contra los responsables de su publicaci\u00f3n.<\/li><li>La salvaguarda del orden p\u00fablico, la investigaci\u00f3n penal, seguridad p\u00fablica y defensa nacional.<\/li><li>La protecci\u00f3n de la salud p\u00fablica o de las personas f\u00edsicas que tengan la condici\u00f3n de consumidores o usuarios.<\/li><li>El respeto a la dignidad de la persona y al principio de no discriminaci\u00f3n por motivos de raza, sexo, opini\u00f3n, nacionalidad, discapacidad o cualquier otra circunstancia personal o social.<\/li><li>La protecci\u00f3n de la juventud y de la infancia.<\/li><li>El respeto a la autonom\u00eda de la voluntad del afectado.<\/li><li>El respeto a la propiedad intelectual de lo publicado.<\/li><li>Por lo general, el respeto a la legalidad vigente.<\/li><\/ul><p>La Fundaci\u00f3n FLS se reserva el derecho de retirar todos aquellos comentarios y aportaciones que vulneren el respeto a la dignidad de la persona, que sean discriminatorios, xen\u00f3fobos, racistas, pornogr\u00e1ficos, que atenten contra la juventud o la infancia, el orden o la seguridad p\u00fablica o que, a su juicio, no fueran adecuados para su publicaci\u00f3n.<\/p><p>En cualquier caso, el titular del dominio no ser\u00e1 responsable de las opiniones vertidas por los usuarios a trav\u00e9s de los foros, chats, u otras herramientas de participaci\u00f3n que puedan incorporarse a esta web.<\/p><h3>3. PROPIEDAD INTELECTUAL E INDUSTRIAL<\/h3><p>La Fundaci\u00f3n FLS es titular de todos los derechos de propiedad intelectual e industrial de sus p\u00e1ginas web, as\u00ed como de todo su contenido, por lo que toda reproducci\u00f3n, distribuci\u00f3n y comunicaci\u00f3n p\u00fablica total o parcial de su contenido queda expresamente prohibida sin la autorizaci\u00f3n expresa del titular.<\/p><h3>4. RESPONSABILIDAD<\/h3><p>El titular del dominio no ser\u00e1 responsable de los da\u00f1os y perjuicios que pudieran derivarse de interferencias o aver\u00edas telef\u00f3nicas, desconexiones en el sistema electr\u00f3nico, presencia de virus inform\u00e1ticos, programas maliciosos o cualquier otro factor ajeno a su control.<\/p><p>Tampoco ser\u00e1 responsable de los contenidos o sistemas de terceros conectados con su dominio.<\/p><p>La Fundaci\u00f3n FLS se reserva el ejercicio de las acciones legales que correspondan contra quienes vulneren estas condiciones.<\/p><h3>5. MODIFICACIONES DE LAS PRESENTES CONDICIONES Y VIGENCIA<\/h3><p>La Fundaci\u00f3n FLS puede modificar las presentes condiciones en cualquier momento, sin previo aviso, publicando sus modificaciones tal y como aqu\u00ed aparecen. Una vez modificadas, las presentes condiciones dejar\u00e1n de estar vigentes y ser\u00e1n sustituidas por su modificaci\u00f3n.<\/p><h3>6. LEGISLACI\u00d3N APLICABLE Y JURISDICCI\u00d3N<\/h3><p>La relaci\u00f3n entre Fundaci\u00f3n FLS y el usuario se regir\u00e1 por la normativa espa\u00f1ola vigente y cualquier controversia se someter\u00e1 a los Juzgados y Tribunales de la ciudad de Barcelona.<\/p>\t\t\t\t\t\t\t\t<\/div>\n\t\t\t\t\t<\/div>\n\t\t\t\t<\/div>\n\t\t\t\t<\/div>\n\t\t","protected":false},"excerpt":{"rendered":"<p>1. IDENTIFICACI\u00d3N DEL TITULAR DEL DOMINIO En cumplimiento del deber de informaci\u00f3n recogido en el art\u00edculo 10 de la Ley 34\/2002, de 11 de julio, de Servicios de la Sociedad de la Informaci\u00f3n y del Comercio Electr\u00f3nico, a continuaci\u00f3n se publican los siguientes datos. El titular de la website icor.cat (El Instituto del Coraz\u00f3n dels [&hellip;]<\/p>\n","protected":false},"author":2,"featured_media":0,"parent":0,"menu_order":0,"comment_status":"closed","ping_status":"closed","template":"","meta":{"_acf_changed":false,"footnotes":""},"class_list":["post-2967","page","type-page","status-publish","hentry"],"acf":[],"yoast_head":"<!-- This site is optimized with the Yoast SEO plugin v27.1.1 - https:\/\/yoast.com\/product\/yoast-seo-wordpress\/ -->\n<title>Aviso legal - iCor Team<\/title>\n<meta name=\"robots\" content=\"index, follow, max-snippet:-1, max-image-preview:large, max-video-preview:-1\" \/>\n<link rel=\"canonical\" href=\"https:\/\/icor.cat\/es\/aviso-legal\/\" \/>\n<meta property=\"og:locale\" content=\"es_ES\" \/>\n<meta property=\"og:type\" content=\"article\" \/>\n<meta property=\"og:title\" content=\"Aviso legal - iCor Team\" \/>\n<meta property=\"og:description\" content=\"1. IDENTIFICACI\u00d3N DEL TITULAR DEL DOMINIO En cumplimiento del deber de informaci\u00f3n recogido en el art\u00edculo 10 de la Ley 34\/2002, de 11 de julio, de Servicios de la Sociedad de la Informaci\u00f3n y del Comercio Electr\u00f3nico, a continuaci\u00f3n se publican los siguientes datos. El titular de la website icor.cat (El Instituto del Coraz\u00f3n dels [&hellip;]\" \/>\n<meta property=\"og:url\" content=\"https:\/\/icor.cat\/es\/aviso-legal\/\" \/>\n<meta property=\"og:site_name\" content=\"iCor Team\" \/>\n<meta property=\"article:modified_time\" content=\"2026-02-17T15:30:23+00:00\" \/>\n<meta name=\"twitter:card\" content=\"summary_large_image\" \/>\n<meta name=\"twitter:site\" content=\"@icorgtrias\" \/>\n<meta name=\"twitter:label1\" content=\"Tiempo de lectura\" \/>\n\t<meta name=\"twitter:data1\" content=\"4 minutos\" \/>\n<script type=\"application\/ld+json\" class=\"yoast-schema-graph\">{\"@context\":\"https:\/\/schema.org\",\"@graph\":[{\"@type\":\"WebPage\",\"@id\":\"https:\/\/icor.cat\/es\/aviso-legal\/\",\"url\":\"https:\/\/icor.cat\/es\/aviso-legal\/\",\"name\":\"Aviso legal - iCor Team\",\"isPartOf\":{\"@id\":\"https:\/\/icor.cat\/es\/#website\"},\"datePublished\":\"2025-07-26T10:03:53+00:00\",\"dateModified\":\"2026-02-17T15:30:23+00:00\",\"breadcrumb\":{\"@id\":\"https:\/\/icor.cat\/es\/aviso-legal\/#breadcrumb\"},\"inLanguage\":\"es\",\"potentialAction\":[{\"@type\":\"ReadAction\",\"target\":[\"https:\/\/icor.cat\/es\/aviso-legal\/\"]}]},{\"@type\":\"BreadcrumbList\",\"@id\":\"https:\/\/icor.cat\/es\/aviso-legal\/#breadcrumb\",\"itemListElement\":[{\"@type\":\"ListItem\",\"position\":1,\"name\":\"Portada\",\"item\":\"https:\/\/icor.cat\/es\/\"},{\"@type\":\"ListItem\",\"position\":2,\"name\":\"Aviso legal\"}]},{\"@type\":\"WebSite\",\"@id\":\"https:\/\/icor.cat\/es\/#website\",\"url\":\"https:\/\/icor.cat\/es\/\",\"name\":\"iCor Team\",\"description\":\"Unint ci\u00e8ncia i cura per al teu cor.\",\"publisher\":{\"@id\":\"https:\/\/icor.cat\/es\/#organization\"},\"potentialAction\":[{\"@type\":\"SearchAction\",\"target\":{\"@type\":\"EntryPoint\",\"urlTemplate\":\"https:\/\/icor.cat\/es\/?s={search_term_string}\"},\"query-input\":{\"@type\":\"PropertyValueSpecification\",\"valueRequired\":true,\"valueName\":\"search_term_string\"}}],\"inLanguage\":\"es\"},{\"@type\":\"Organization\",\"@id\":\"https:\/\/icor.cat\/es\/#organization\",\"name\":\"iCor Team\",\"url\":\"https:\/\/icor.cat\/es\/\",\"logo\":{\"@type\":\"ImageObject\",\"inLanguage\":\"es\",\"@id\":\"https:\/\/icor.cat\/es\/#\/schema\/logo\/image\/\",\"url\":\"https:\/\/icor.cat\/wp-content\/uploads\/2026\/02\/cropped-Logo-iCor-web.jpg\",\"contentUrl\":\"https:\/\/icor.cat\/wp-content\/uploads\/2026\/02\/cropped-Logo-iCor-web.jpg\",\"width\":639,\"height\":182,\"caption\":\"iCor Team\"},\"image\":{\"@id\":\"https:\/\/icor.cat\/es\/#\/schema\/logo\/image\/\"},\"sameAs\":[\"https:\/\/x.com\/icorgtrias\",\"https:\/\/www.instagram.com\/icor_germanstrias\/\",\"https:\/\/es.linkedin.com\/company\/icor-germans-trias\"]}]}<\/script>\n<!-- \/ Yoast SEO plugin. -->","yoast_head_json":{"title":"Aviso legal - iCor Team","robots":{"index":"index","follow":"follow","max-snippet":"max-snippet:-1","max-image-preview":"max-image-preview:large","max-video-preview":"max-video-preview:-1"},"canonical":"https:\/\/icor.cat\/es\/aviso-legal\/","og_locale":"es_ES","og_type":"article","og_title":"Aviso legal - iCor Team","og_description":"1. IDENTIFICACI\u00d3N DEL TITULAR DEL DOMINIO En cumplimiento del deber de informaci\u00f3n recogido en el art\u00edculo 10 de la Ley 34\/2002, de 11 de julio, de Servicios de la Sociedad de la Informaci\u00f3n y del Comercio Electr\u00f3nico, a continuaci\u00f3n se publican los siguientes datos. El titular de la website icor.cat (El Instituto del Coraz\u00f3n dels [&hellip;]","og_url":"https:\/\/icor.cat\/es\/aviso-legal\/","og_site_name":"iCor Team","article_modified_time":"2026-02-17T15:30:23+00:00","twitter_card":"summary_large_image","twitter_site":"@icorgtrias","twitter_misc":{"Tiempo de lectura":"4 minutos"},"schema":{"@context":"https:\/\/schema.org","@graph":[{"@type":"WebPage","@id":"https:\/\/icor.cat\/es\/aviso-legal\/","url":"https:\/\/icor.cat\/es\/aviso-legal\/","name":"Aviso legal - iCor Team","isPartOf":{"@id":"https:\/\/icor.cat\/es\/#website"},"datePublished":"2025-07-26T10:03:53+00:00","dateModified":"2026-02-17T15:30:23+00:00","breadcrumb":{"@id":"https:\/\/icor.cat\/es\/aviso-legal\/#breadcrumb"},"inLanguage":"es","potentialAction":[{"@type":"ReadAction","target":["https:\/\/icor.cat\/es\/aviso-legal\/"]}]},{"@type":"BreadcrumbList","@id":"https:\/\/icor.cat\/es\/aviso-legal\/#breadcrumb","itemListElement":[{"@type":"ListItem","position":1,"name":"Portada","item":"https:\/\/icor.cat\/es\/"},{"@type":"ListItem","position":2,"name":"Aviso legal"}]},{"@type":"WebSite","@id":"https:\/\/icor.cat\/es\/#website","url":"https:\/\/icor.cat\/es\/","name":"iCor Team","description":"Unint ci\u00e8ncia i cura per al teu cor.","publisher":{"@id":"https:\/\/icor.cat\/es\/#organization"},"potentialAction":[{"@type":"SearchAction","target":{"@type":"EntryPoint","urlTemplate":"https:\/\/icor.cat\/es\/?s={search_term_string}"},"query-input":{"@type":"PropertyValueSpecification","valueRequired":true,"valueName":"search_term_string"}}],"inLanguage":"es"},{"@type":"Organization","@id":"https:\/\/icor.cat\/es\/#organization","name":"iCor Team","url":"https:\/\/icor.cat\/es\/","logo":{"@type":"ImageObject","inLanguage":"es","@id":"https:\/\/icor.cat\/es\/#\/schema\/logo\/image\/","url":"https:\/\/icor.cat\/wp-content\/uploads\/2026\/02\/cropped-Logo-iCor-web.jpg","contentUrl":"https:\/\/icor.cat\/wp-content\/uploads\/2026\/02\/cropped-Logo-iCor-web.jpg","width":639,"height":182,"caption":"iCor Team"},"image":{"@id":"https:\/\/icor.cat\/es\/#\/schema\/logo\/image\/"},"sameAs":["https:\/\/x.com\/icorgtrias","https:\/\/www.instagram.com\/icor_germanstrias\/","https:\/\/es.linkedin.com\/company\/icor-germans-trias"]}]}},"_links":{"self":[{"href":"https:\/\/icor.cat\/es\/wp-json\/wp\/v2\/pages\/2967","targetHints":{"allow":["GET"]}}],"collection":[{"href":"https:\/\/icor.cat\/es\/wp-json\/wp\/v2\/pages"}],"about":[{"href":"https:\/\/icor.cat\/es\/wp-json\/wp\/v2\/types\/page"}],"author":[{"embeddable":true,"href":"https:\/\/icor.cat\/es\/wp-json\/wp\/v2\/users\/2"}],"replies":[{"embeddable":true,"href":"https:\/\/icor.cat\/es\/wp-json\/wp\/v2\/comments?post=2967"}],"version-history":[{"count":7,"href":"https:\/\/icor.cat\/es\/wp-json\/wp\/v2\/pages\/2967\/revisions"}],"predecessor-version":[{"id":5490,"href":"https:\/\/icor.cat\/es\/wp-json\/wp\/v2\/pages\/2967\/revisions\/5490"}],"wp:attachment":[{"href":"https:\/\/icor.cat\/es\/wp-json\/wp\/v2\/media?parent=2967"}],"curies":[{"name":"wp","href":"https:\/\/api.w.org\/{rel}","templated":true}]}}