{"id":3007,"date":"2025-07-11T13:48:42","date_gmt":"2025-07-11T11:48:42","guid":{"rendered":"https:\/\/new.icor.cat\/politica-de-privacidad\/"},"modified":"2026-01-29T11:26:55","modified_gmt":"2026-01-29T10:26:55","slug":"politica-de-privacidad","status":"publish","type":"page","link":"https:\/\/icor.cat\/es\/politica-de-privacidad\/","title":{"rendered":"Pol\u00edtica de privacidad"},"content":{"rendered":"\t\t<div data-elementor-type=\"wp-page\" data-elementor-id=\"3007\" class=\"elementor elementor-3007 elementor-3\" data-elementor-post-type=\"page\">\n\t\t\t\t<div class=\"elementor-element elementor-element-3e240738 e-flex e-con-boxed e-con e-parent\" data-id=\"3e240738\" data-element_type=\"container\" data-e-type=\"container\">\n\t\t\t\t\t<div class=\"e-con-inner\">\n\t\t\t\t<div class=\"elementor-element elementor-element-77760b33 elementor-widget elementor-widget-text-editor\" data-id=\"77760b33\" data-element_type=\"widget\" data-e-type=\"widget\" data-widget_type=\"text-editor.default\">\n\t\t\t\t\t\t\t\t\t<p>Responsable del tratamiento: La Fundaci\u00f3n Lucha contra las Infecciones con domicilio en la Ctra. de Canyet s\/n, Hosp. Univ. Hermanos Trias i Pujol, 2\u00aa planta Maternal, 08916 Badalona, \u200b\u200bBarcelona, \u200b\u200bEspa\u00f1a   <\/p><p>Finalidad del tratamiento: los datos se utilizar\u00e1n para atender a su solicitud<\/p><p>Derechos: Tiene derecho a ejercer los derechos de acceso, rectificaci\u00f3n, supresi\u00f3n, oposici\u00f3n, limitaci\u00f3n del tratamiento, portabilidad de los datos, a no estar sometido a decisiones individuales automatizadas ya la revocaci\u00f3n. Para ejercer los anteriores derechos es necesario que los interesados \u200b\u200bse dirijan al domicilio del responsable del tratamiento. <\/p><h3>1. DERECHO DE INFORMACI\u00d3N<\/h3><p>De acuerdo con lo que dispone el art\u00edculo 11 de la Ley Org\u00e1nica 3\/2018, de 5 de diciembre, de Protecci\u00f3n de Datos Personales y garant\u00eda de los derechos digitales (en adelante LOPDGDD) y el art\u00edculo 13 del Reglamento General de Protecci\u00f3n de Datos 2016\/679 le informamos de:<\/p><h4>1.1. Identificaci\u00f3n de responsables<\/h4><p>El responsable del tratamiento es la Fundaci\u00f3n FLS, con domicilio en Badalona (08916), Ctra. de Canyet s\/n \u2013 Hosp. Univ. Hermanos Trias i Pujol, 2\u00aa planta Maternal, tel\u00e9fono: 934.657.897.   <\/p><p>El delegado de protecci\u00f3n de datos (DPO) es CIPDI Tratamiento de la Infomaci\u00f3n SL. Con domicilio en Matar\u00f3, calle San Agust\u00edn n. 1 1\u00ba 1\u00aa. Puede contactar con el delegado en el correo electr\u00f3nico dpo@lluita.org   <\/p><h4>1.2. Finalidades de tratamiento y base jur\u00eddica<\/h4><h5>1.2.1. Finalidad general<\/h5><p>El responsable del tratamiento utilizar\u00e1 los datos que nos facilite por cualquier medio mientras mantenga la relaci\u00f3n con ellos y se incorporar\u00e1n, tal y como nos los ceda, a una base de datos titularidad del responsable del tratamiento.<\/p><p>Utilizaremos los datos para:<\/p><p>Prestarle los servicios que nos solicite.<br>Atender las solicitudes que nos hagan llegar por cualquiera de nuestros canales de comunicaci\u00f3n.<br>Gestionar las suscripciones a nuestros boletines que generamos para enviarle informaci\u00f3n de nuestras actividades por correo electr\u00f3nico o direcci\u00f3n postal.<br>Gesti\u00f3n y control de las relaciones contractuales<\/p><p>La base jur\u00eddica de este tratamiento ser\u00e1 la relaci\u00f3n contractual, o de otro tipo, que mantenga con el responsable del tratamiento y el consentimiento que otorgue al aceptar este aviso.<\/p><p>Los datos generados se conservar\u00e1n mientras mantenga la relaci\u00f3n con el responsable del tratamiento y, posteriormente, durante el plazo de prescripci\u00f3n de las acciones legales que, en algunos casos pueden llegar a los 10 a\u00f1os.<\/p><h5>1.2.2. Tratamiento de im\u00e1genes<\/h5><p>El responsable del tratamiento documenta los eventos de car\u00e1cter p\u00fablico que organiza con fotograf\u00edas y v\u00eddeos con el fin de hacer difusi\u00f3n en su web o dem\u00e1s espacios de difusi\u00f3n p\u00fablica de informaci\u00f3n como son: la propia web, las redes sociales donde la fundaci\u00f3n disponga de perfil creado y publicaciones en propias o en prensa. Puede obtener m\u00e1s informaci\u00f3n sobre este apartado consultando la web de la fundaci\u00f3n o contactando con el DPO. <\/p><p>El tratamiento de estas im\u00e1genes est\u00e1 legitimado con el consentimiento de los afectados que conceden antes de su captaci\u00f3n y por la aplicaci\u00f3n del art\u00edculo 8 de la LO 1\/1982 de protecci\u00f3n del derecho al honor, la intimidad y la propia imagen.<\/p><p>Las im\u00e1genes se conservar\u00e1n mientras no se revoque el consentimiento que se otorgue.<\/p><h4>1.3. Categor\u00edas de destinatarios<\/h4><p>Para dar cumplimiento a las anteriores finalidades tendr\u00e1n acceso a sus datos:<\/p><p>El personal debidamente autorizado por la direcci\u00f3n del responsable del tratamiento.<\/p><p>Los proveedores necesarios para dar cumplimiento a su demanda.<\/p><p>Las redes sociales<\/p><p>La administraci\u00f3n p\u00fablica en el \u00e1mbito de sus competencias.<\/p><p>Puede ampliar esta informaci\u00f3n consultando al DPO.<\/p><h4>1.4. Transferencia internacional de datos<\/h4><p>El responsable del tratamiento utiliza las siguientes plataformas que pueden implicar transferencias de datos fuera del espacio Schengen:<\/p><p>Google. El responsable del tratamiento ha firmado un acuerdo con Google, de acuerdo a la resoluci\u00f3n de la Autoridad Espa\u00f1ola de Protecci\u00f3n de Datos de 22 de junio de 2017. Puede obtener m\u00e1s informaci\u00f3n sobre las pol\u00edticas de privacidad de google visitando los siguientes enlaces: https:\/\/support.google.com\/a\/answer\/2888485?hl=es  <\/p><p>https:\/\/www.privacyshield.gov\/participant?id=a2zt000000001L5AAI<\/p><p>MailChimp. Puede recibir m\u00e1s informaci\u00f3n sobre su pol\u00edtica de privacidad en el siguiente enlace: https:\/\/mailchimp.com\/legal\/privacy\/ <\/p><p>Microsoft con la que se han firmado cl\u00e1usulas tipos: https:\/\/privacy.microsoft.com\/es-es\/privacystatement<\/p><p>Redes sociales que constan publicadas en nuestra web.<\/p><p>Puntualmente, se pueden organizar actividades como ensayos cl\u00ednicos, estudios, congresos, u otras actividades formativas o de investigaci\u00f3n con entidades ubicadas en Estados externos en el Espai Schengen. En estos casos, previamente a la realizaci\u00f3n de la transferencia de datos, se informar\u00e1 a los participantes y se solicitar\u00e1 su permiso de acuerdo con la normativa aplicable. <\/p><h4>1.5. Derechos como afectado<\/h4><p>Tiene derecho a acceder, rectificar, suprimir, oponerse a que sus datos se traten, a limitar el tratamiento, a pedir la portabilidad de los datos, a no ser sometido a decisiones individuales automatizadas ya revocar el consentimiento que otorgue.<\/p><p>Para ejercer estos derechos puede dirigirse por escrito a las direcciones del responsable del tratamiento que constan en este aviso legal.<\/p><h4>1.6. Derecho de reclamaci\u00f3n<\/h4><p>El organismo competente para conocer de la correcta aplicaci\u00f3n de las normas sobre tratamiento de la informaci\u00f3n es la Autoridad Espa\u00f1ola de Protecci\u00f3n de Datos, con domicilio en Calle Jorge Juan n. 6 de Madrid. <\/p><h4>1.7. Obligaciones del afectado<\/h4><p>El afectado debe aportar informaci\u00f3n veraz y actualizada en todos los procesos de recogida de datos, siendo \u00e9l el \u00fanico responsable de la vulneraci\u00f3n de esa obligaci\u00f3n.<\/p><p>En los formularios de recogida de datos est\u00e1n marcados los datos que son obligatorios aportar, en funci\u00f3n de la demanda que realice el afectado. La falta de la aportaci\u00f3n de estos datos puede suponer la imposibilidad de participar en la actividad o proporcionar el servicio que se solicita. <\/p><h4>1.8. Elaboraci\u00f3n de perfiles<\/h4><p>Para el cumplimiento de los objetivos del responsable del tratamiento y, sobre todo, para prestar una atenci\u00f3n m\u00e1s personalizada, cuidadosa y eficaz del usuario, en ocasiones, es necesario elaborar perfiles de los destinatarios de los servicios. En ning\u00fan caso, la elaboraci\u00f3n del perfil se realiza de forma exclusivamente automatizada. Antes de proceder a la elaboraci\u00f3n de perfil le informaremos.  <\/p><p> <\/p><h3>2. CONSENTIMIENTO DEL USUARIO<\/h3><p>Se entiende que el usuario acepta las condiciones establecidas si pulsa el bot\u00f3n &#8216;ACEPTAR&#8217; que se encuentra en todos los formularios de recogida de datos, o si env\u00eda un mensaje por correo electr\u00f3nico.<\/p><p>Los datos personales se guardan en la base de datos general de administraci\u00f3n de la Fundaci\u00f3n FLS que, en cualquier caso, garantiza las medidas t\u00e9cnicas y organizativas para preservar la integridad y la seguridad de la informaci\u00f3n que trata.<\/p><p> <\/p><h3>3. SEGURIDAD<\/h3><p>La base de datos general est\u00e1 dotada del preceptivo documento de seguridad y ha establecido todos los medios t\u00e9cnicos a su alcance para evitar la p\u00e9rdida, mal uso, alteraci\u00f3n, acceso no autorizado y robo de los datos que nos facilite. El tratamiento de los datos personales est\u00e1 ajustado a la normativa establecida en la Ley Org\u00e1nica 3\/2018 de protecci\u00f3n de datos y garant\u00eda de los derechos digitales y el Reglamento (UE) 2016\/679 del Parlamento Europeo y del Consejo, de 27 de abril de 2016 <\/p><p> <\/p><h3>4. USO DE DIRECCIONES IP<\/h3><p>Para facilitar la b\u00fasqueda de recursos que creemos que son de su inter\u00e9s, puede encontrar en esta web enlaces a otras p\u00e1ginas.<\/p><p>Esta pol\u00edtica de privacidad s\u00f3lo es de aplicaci\u00f3n en esta web. El responsable del tratamiento no garantiza el cumplimiento de esta pol\u00edtica en otras webs, ni se hace responsable de los accesos mediante enlaces desde este sitio. <\/p>\t\t\t\t\t\t\t\t<\/div>\n\t\t\t\t\t<\/div>\n\t\t\t\t<\/div>\n\t\t\t\t<\/div>\n\t\t","protected":false},"excerpt":{"rendered":"<p>Responsable del tratamiento: La Fundaci\u00f3n Lucha contra las Infecciones con domicilio en la Ctra. de Canyet s\/n, Hosp. Univ. Hermanos Trias i Pujol, 2\u00aa planta Maternal, 08916 Badalona, \u200b\u200bBarcelona, \u200b\u200bEspa\u00f1a Finalidad del tratamiento: los datos se utilizar\u00e1n para atender a su solicitud Derechos: Tiene derecho a ejercer los derechos de acceso, rectificaci\u00f3n, supresi\u00f3n, oposici\u00f3n, limitaci\u00f3n [&hellip;]<\/p>\n","protected":false},"author":1,"featured_media":0,"parent":0,"menu_order":0,"comment_status":"closed","ping_status":"closed","template":"","meta":{"_acf_changed":false,"footnotes":""},"class_list":["post-3007","page","type-page","status-publish","hentry"],"acf":[],"yoast_head":"<!-- This site is optimized with the Yoast SEO plugin v27.1.1 - https:\/\/yoast.com\/product\/yoast-seo-wordpress\/ -->\n<title>Pol\u00edtica de privacidad - iCor Team<\/title>\n<meta name=\"robots\" content=\"index, follow, max-snippet:-1, max-image-preview:large, max-video-preview:-1\" \/>\n<link rel=\"canonical\" href=\"https:\/\/icor.cat\/es\/politica-de-privacidad\/\" \/>\n<meta property=\"og:locale\" content=\"es_ES\" \/>\n<meta property=\"og:type\" content=\"article\" \/>\n<meta property=\"og:title\" content=\"Pol\u00edtica de privacidad - iCor Team\" \/>\n<meta property=\"og:description\" content=\"Responsable del tratamiento: La Fundaci\u00f3n Lucha contra las Infecciones con domicilio en la Ctra. de Canyet s\/n, Hosp. Univ. Hermanos Trias i Pujol, 2\u00aa planta Maternal, 08916 Badalona, \u200b\u200bBarcelona, \u200b\u200bEspa\u00f1a Finalidad del tratamiento: los datos se utilizar\u00e1n para atender a su solicitud Derechos: Tiene derecho a ejercer los derechos de acceso, rectificaci\u00f3n, supresi\u00f3n, oposici\u00f3n, limitaci\u00f3n [&hellip;]\" \/>\n<meta property=\"og:url\" content=\"https:\/\/icor.cat\/es\/politica-de-privacidad\/\" \/>\n<meta property=\"og:site_name\" content=\"iCor Team\" \/>\n<meta property=\"article:modified_time\" content=\"2026-01-29T10:26:55+00:00\" \/>\n<meta name=\"twitter:card\" content=\"summary_large_image\" \/>\n<meta name=\"twitter:site\" content=\"@icorgtrias\" \/>\n<meta name=\"twitter:label1\" content=\"Tiempo de lectura\" \/>\n\t<meta name=\"twitter:data1\" content=\"6 minutos\" \/>\n<script type=\"application\/ld+json\" class=\"yoast-schema-graph\">{\"@context\":\"https:\/\/schema.org\",\"@graph\":[{\"@type\":\"WebPage\",\"@id\":\"https:\/\/icor.cat\/es\/politica-de-privacidad\/\",\"url\":\"https:\/\/icor.cat\/es\/politica-de-privacidad\/\",\"name\":\"Pol\u00edtica de privacidad - iCor Team\",\"isPartOf\":{\"@id\":\"https:\/\/icor.cat\/es\/#website\"},\"datePublished\":\"2025-07-11T11:48:42+00:00\",\"dateModified\":\"2026-01-29T10:26:55+00:00\",\"breadcrumb\":{\"@id\":\"https:\/\/icor.cat\/es\/politica-de-privacidad\/#breadcrumb\"},\"inLanguage\":\"es\",\"potentialAction\":[{\"@type\":\"ReadAction\",\"target\":[\"https:\/\/icor.cat\/es\/politica-de-privacidad\/\"]}]},{\"@type\":\"BreadcrumbList\",\"@id\":\"https:\/\/icor.cat\/es\/politica-de-privacidad\/#breadcrumb\",\"itemListElement\":[{\"@type\":\"ListItem\",\"position\":1,\"name\":\"Portada\",\"item\":\"https:\/\/icor.cat\/es\/\"},{\"@type\":\"ListItem\",\"position\":2,\"name\":\"Pol\u00edtica de privacidad\"}]},{\"@type\":\"WebSite\",\"@id\":\"https:\/\/icor.cat\/es\/#website\",\"url\":\"https:\/\/icor.cat\/es\/\",\"name\":\"iCor Team\",\"description\":\"Unint ci\u00e8ncia i cura per al teu cor.\",\"publisher\":{\"@id\":\"https:\/\/icor.cat\/es\/#organization\"},\"potentialAction\":[{\"@type\":\"SearchAction\",\"target\":{\"@type\":\"EntryPoint\",\"urlTemplate\":\"https:\/\/icor.cat\/es\/?s={search_term_string}\"},\"query-input\":{\"@type\":\"PropertyValueSpecification\",\"valueRequired\":true,\"valueName\":\"search_term_string\"}}],\"inLanguage\":\"es\"},{\"@type\":\"Organization\",\"@id\":\"https:\/\/icor.cat\/es\/#organization\",\"name\":\"iCor Team\",\"url\":\"https:\/\/icor.cat\/es\/\",\"logo\":{\"@type\":\"ImageObject\",\"inLanguage\":\"es\",\"@id\":\"https:\/\/icor.cat\/es\/#\/schema\/logo\/image\/\",\"url\":\"https:\/\/icor.cat\/wp-content\/uploads\/2026\/02\/cropped-Logo-iCor-web.jpg\",\"contentUrl\":\"https:\/\/icor.cat\/wp-content\/uploads\/2026\/02\/cropped-Logo-iCor-web.jpg\",\"width\":639,\"height\":182,\"caption\":\"iCor Team\"},\"image\":{\"@id\":\"https:\/\/icor.cat\/es\/#\/schema\/logo\/image\/\"},\"sameAs\":[\"https:\/\/x.com\/icorgtrias\",\"https:\/\/www.instagram.com\/icor_germanstrias\/\",\"https:\/\/es.linkedin.com\/company\/icor-germans-trias\"]}]}<\/script>\n<!-- \/ Yoast SEO plugin. -->","yoast_head_json":{"title":"Pol\u00edtica de privacidad - iCor Team","robots":{"index":"index","follow":"follow","max-snippet":"max-snippet:-1","max-image-preview":"max-image-preview:large","max-video-preview":"max-video-preview:-1"},"canonical":"https:\/\/icor.cat\/es\/politica-de-privacidad\/","og_locale":"es_ES","og_type":"article","og_title":"Pol\u00edtica de privacidad - iCor Team","og_description":"Responsable del tratamiento: La Fundaci\u00f3n Lucha contra las Infecciones con domicilio en la Ctra. de Canyet s\/n, Hosp. Univ. Hermanos Trias i Pujol, 2\u00aa planta Maternal, 08916 Badalona, \u200b\u200bBarcelona, \u200b\u200bEspa\u00f1a Finalidad del tratamiento: los datos se utilizar\u00e1n para atender a su solicitud Derechos: Tiene derecho a ejercer los derechos de acceso, rectificaci\u00f3n, supresi\u00f3n, oposici\u00f3n, limitaci\u00f3n [&hellip;]","og_url":"https:\/\/icor.cat\/es\/politica-de-privacidad\/","og_site_name":"iCor Team","article_modified_time":"2026-01-29T10:26:55+00:00","twitter_card":"summary_large_image","twitter_site":"@icorgtrias","twitter_misc":{"Tiempo de lectura":"6 minutos"},"schema":{"@context":"https:\/\/schema.org","@graph":[{"@type":"WebPage","@id":"https:\/\/icor.cat\/es\/politica-de-privacidad\/","url":"https:\/\/icor.cat\/es\/politica-de-privacidad\/","name":"Pol\u00edtica de privacidad - iCor Team","isPartOf":{"@id":"https:\/\/icor.cat\/es\/#website"},"datePublished":"2025-07-11T11:48:42+00:00","dateModified":"2026-01-29T10:26:55+00:00","breadcrumb":{"@id":"https:\/\/icor.cat\/es\/politica-de-privacidad\/#breadcrumb"},"inLanguage":"es","potentialAction":[{"@type":"ReadAction","target":["https:\/\/icor.cat\/es\/politica-de-privacidad\/"]}]},{"@type":"BreadcrumbList","@id":"https:\/\/icor.cat\/es\/politica-de-privacidad\/#breadcrumb","itemListElement":[{"@type":"ListItem","position":1,"name":"Portada","item":"https:\/\/icor.cat\/es\/"},{"@type":"ListItem","position":2,"name":"Pol\u00edtica de privacidad"}]},{"@type":"WebSite","@id":"https:\/\/icor.cat\/es\/#website","url":"https:\/\/icor.cat\/es\/","name":"iCor Team","description":"Unint ci\u00e8ncia i cura per al teu cor.","publisher":{"@id":"https:\/\/icor.cat\/es\/#organization"},"potentialAction":[{"@type":"SearchAction","target":{"@type":"EntryPoint","urlTemplate":"https:\/\/icor.cat\/es\/?s={search_term_string}"},"query-input":{"@type":"PropertyValueSpecification","valueRequired":true,"valueName":"search_term_string"}}],"inLanguage":"es"},{"@type":"Organization","@id":"https:\/\/icor.cat\/es\/#organization","name":"iCor Team","url":"https:\/\/icor.cat\/es\/","logo":{"@type":"ImageObject","inLanguage":"es","@id":"https:\/\/icor.cat\/es\/#\/schema\/logo\/image\/","url":"https:\/\/icor.cat\/wp-content\/uploads\/2026\/02\/cropped-Logo-iCor-web.jpg","contentUrl":"https:\/\/icor.cat\/wp-content\/uploads\/2026\/02\/cropped-Logo-iCor-web.jpg","width":639,"height":182,"caption":"iCor Team"},"image":{"@id":"https:\/\/icor.cat\/es\/#\/schema\/logo\/image\/"},"sameAs":["https:\/\/x.com\/icorgtrias","https:\/\/www.instagram.com\/icor_germanstrias\/","https:\/\/es.linkedin.com\/company\/icor-germans-trias"]}]}},"_links":{"self":[{"href":"https:\/\/icor.cat\/es\/wp-json\/wp\/v2\/pages\/3007","targetHints":{"allow":["GET"]}}],"collection":[{"href":"https:\/\/icor.cat\/es\/wp-json\/wp\/v2\/pages"}],"about":[{"href":"https:\/\/icor.cat\/es\/wp-json\/wp\/v2\/types\/page"}],"author":[{"embeddable":true,"href":"https:\/\/icor.cat\/es\/wp-json\/wp\/v2\/users\/1"}],"replies":[{"embeddable":true,"href":"https:\/\/icor.cat\/es\/wp-json\/wp\/v2\/comments?post=3007"}],"version-history":[{"count":4,"href":"https:\/\/icor.cat\/es\/wp-json\/wp\/v2\/pages\/3007\/revisions"}],"predecessor-version":[{"id":5240,"href":"https:\/\/icor.cat\/es\/wp-json\/wp\/v2\/pages\/3007\/revisions\/5240"}],"wp:attachment":[{"href":"https:\/\/icor.cat\/es\/wp-json\/wp\/v2\/media?parent=3007"}],"curies":[{"name":"wp","href":"https:\/\/api.w.org\/{rel}","templated":true}]}}